{"id":179,"date":"2026-03-31T15:10:24","date_gmt":"2026-03-31T13:10:24","guid":{"rendered":"https:\/\/www.calpinxo.com\/politica-de-cookies\/"},"modified":"2026-04-14T11:48:11","modified_gmt":"2026-04-14T09:48:11","slug":"politica-de-cookies","status":"publish","type":"page","link":"https:\/\/www.calpinxo.com\/ca\/politica-de-cookies\/","title":{"rendered":"Pol\u00edtica de cookies"},"content":{"rendered":"<p>Les cookies, o dispositius d\u2019emmagatzematge i recuperaci\u00f3 de dades, s\u00f3n fitxers enviats per una p\u00e0gina web al navegador de l\u2019usuari i que s\u2019emmagatzemen autom\u00e0ticament al seu terminal perqu\u00e8 la p\u00e0gina web en q\u00fcesti\u00f3 pugui consultar l\u2019activitat pr\u00e8via de l\u2019usuari i \u201crecon\u00e8ixer-lo\u201d.<\/p>\n<p>&nbsp;<\/p>\n<p>Les cookies poden recordar altres tipus d\u2019informaci\u00f3 personal, com ara la contrasenya d\u2019un usuari, de manera que no l\u2019hagi de tornar a escriure cada vegada que visita el mateix web, o les seves prefer\u00e8ncies quant a la configuraci\u00f3 de la p\u00e0gina web.<\/p>\n<p>Les cookies s\u00f3n essencials per al funcionament d\u2019Internet, ja que aporten nombrosos avantatges en la prestaci\u00f3 de serveis interactius, facilitant la navegaci\u00f3 i la usabilitat del web. Les cookies no poden fer mal al seu equip, i tenir-les activades ajuda a identificar i resoldre errors.<\/p>\n<p>&nbsp;<\/p>\n<h2>Cookies utilitzades a la nostra p\u00e0gina web<\/h2>\n<p>Cookies de sessi\u00f3<\/p>\n<p>S\u00f3n un tipus de cookies dissenyades per captar i emmagatzemar dades mentre l\u2019usuari accedeix a una p\u00e0gina web i caduquen quan finalitza la sessi\u00f3. La informaci\u00f3 obtinguda mitjan\u00e7ant aquestes cookies serveix per analitzar pautes de tr\u00e0nsit al web. A llarg termini, aix\u00f2 permet oferir una millor experi\u00e8ncia, millorar el contingut i facilitar-ne l\u2019\u00fas.<\/p>\n<p>&nbsp;<\/p>\n<h3>Cookies anal\u00edtiques<\/h3>\n<p>S\u00f3n aquelles que permeten al responsable el seguiment i l\u2019an\u00e0lisi del comportament dels usuaris dels llocs web als quals estan vinculades.<\/p>\n<p>&nbsp;<\/p>\n<p>Aquest web utilitza cookies anal\u00edtiques per assegurar una millor experi\u00e8ncia.<\/p>\n<p>&nbsp;<\/p>\n<h3>Aplicacions utilitzades<\/h3>\n<p>Servei: Google Analytics<\/p>\n<p>Prove\u00efdor: Google<\/p>\n<p>M\u00e9s informaci\u00f3: http:\/\/www.google.es\/intl\/es\/policies\/ (1)<\/p>\n<p>&nbsp;<\/p>\n<p>_utma: Google Analytics. La cookie genera un ID d\u2019usuari \u00fanic que registra la data de la primera vegada que l\u2019usuari visita el web. S\u2019utilitza per fer el recompte de les visites de l\u2019usuari al web. Durada de 2 anys.<\/p>\n<p>_utmb: Google Analytics. Permet con\u00e8ixer el temps que l\u2019usuari roman a la p\u00e0gina. Caduca als 30 minuts des de l\u2019\u00faltima actualitzaci\u00f3. S\u2019elimina en canviar de web o en tancar el navegador.<\/p>\n<p>_utmc: Google Analytics. Permet con\u00e8ixer el temps de visita de l\u2019usuari al web on est\u00e0 instal\u00b7lat el codi de seguiment urchin.js. Caduca quan es tanca el navegador.<\/p>\n<p>.texto: Cookie t\u00e8cnica. S\u2019encarrega de saber si s\u2019ha llegit la pol\u00edtica de cookies i si s\u2019ha acceptat el seu \u00fas. Aquesta informaci\u00f3 no apareixer\u00e0 en visites posteriors al web. Caduca 365 dies despr\u00e9s que l\u2019usuari accepti la pol\u00edtica de cookies.<\/p>\n<p>_utmz: Google Analytics. Emmagatzema l\u2019origen del visitant i el recorregut d\u2019acc\u00e9s que ha seguit, ja sigui mitjan\u00e7ant enlla\u00e7os o Adwords. Caduca als 6 mesos. La cookie s\u2019actualitza cada vegada que s\u2019accedeix al web.<\/p>\n<p>&nbsp;<\/p>\n<h2>Configuraci\u00f3 del navegador<\/h2>\n<p>Tots els navegadors d\u2019Internet permeten limitar el comportament d\u2019una cookie o desactivar-les des de la configuraci\u00f3 o les opcions del navegador. Els passos per fer-ho s\u00f3n diferents per a cada navegador.<\/p>\n<p data-start=\"2672\" data-end=\"2936\">Podeu trobar les instruccions al men\u00fa d\u2019ajuda del navegador.<\/p>\n<p>&nbsp;<\/p>\n<p>De la mateixa manera, l\u2019usuari pot activar, segons el navegador utilitzat, qualsevol de les opcions seg\u00fcents per limitar l\u2019abast de les cookies instal\u00b7lades o el seu funcionament. Amb la navegaci\u00f3 privada, el navegador deixa de guardar l\u2019historial de navegaci\u00f3, les contrasenyes dels llocs web i les cookies.<\/p>\n<p>&nbsp;<\/p>\n<p>Segons cada navegador, el mode privat pot tenir noms diferents. A continuaci\u00f3 es pot trobar una llista dels navegadors m\u00e9s comuns amb un enlla\u00e7 a la configuraci\u00f3 de cookies i els diferents noms d\u2019aquest \u201cmode privat\u201d:<\/p>\n<p>&nbsp;<\/p>\n<p>Internet Explorer 8 i superior; InPrivate<\/p>\n<p>http:\/\/windows.microsoft.com\/es-es\/windows-vista\/block-or-allow-cookies<\/p>\n<p>&nbsp;<\/p>\n<p>Safari 2 i superior; Navegaci\u00f3 privada<\/p>\n<p>http:\/\/support.apple.com\/kb\/ht1677?viewlocale=es_es&#038;locale=es_es<\/p>\n<p>&nbsp;<\/p>\n<p>Opera 10.5 i superior; Navegaci\u00f3 privada<\/p>\n<p>href=&#8221;http:\/\/help.opera.com\/Windows\/11.50\/es-ES\/cookies.html<\/p>\n<p>&nbsp;<\/p>\n<p>FireFox 3.5 i superior; Navegaci\u00f3 privada<\/p>\n<p>http:\/\/support.mozilla.org\/es\/kb\/habilitar-y-deshabilitar-cookies-que-los-sitios-we<\/p>\n<p>&nbsp;<\/p>\n<p>Google Chrome 10 i superior; Inc\u00f2gnit<\/p>\n<p>https:\/\/support.google.com\/chrome\/answer\/95647?hl=es<\/p>\n<p>&nbsp;<\/p>\n<h2>Revocaci\u00f3 del consentiment<\/h2>\n<p>Finalment, us informem que teniu la possibilitat de revocar en qualsevol moment el consentiment prestat per a la utilitzaci\u00f3 de cookies per part de Palaumar 5, S.L., configurant el navegador en els termes previstos al punt anterior.<\/p>\n","protected":false},"excerpt":{"rendered":"<p>Les cookies, o dispositius d\u2019emmagatzematge i recuperaci\u00f3 de dades, s\u00f3n fitxers enviats per una p\u00e0gina web al navegador de l\u2019usuari i que s\u2019emmagatzemen autom\u00e0ticament al seu terminal perqu\u00e8 la p\u00e0gina web en q\u00fcesti\u00f3 pugui consultar l\u2019activitat pr\u00e8via de l\u2019usuari i \u201crecon\u00e8ixer-lo\u201d. &nbsp; Les cookies poden recordar altres tipus d\u2019informaci\u00f3 personal, com ara la contrasenya d\u2019un [&hellip;]<\/p>\n","protected":false},"author":1,"featured_media":0,"parent":0,"menu_order":0,"comment_status":"closed","ping_status":"open","template":"app-templates\/page-legal.php","meta":{"_acf_changed":false,"footnotes":""},"class_list":["post-179","page","type-page","status-publish","hentry"],"acf":[],"_links":{"self":[{"href":"https:\/\/www.calpinxo.com\/ca\/wp-json\/wp\/v2\/pages\/179","targetHints":{"allow":["GET"]}}],"collection":[{"href":"https:\/\/www.calpinxo.com\/ca\/wp-json\/wp\/v2\/pages"}],"about":[{"href":"https:\/\/www.calpinxo.com\/ca\/wp-json\/wp\/v2\/types\/page"}],"author":[{"embeddable":true,"href":"https:\/\/www.calpinxo.com\/ca\/wp-json\/wp\/v2\/users\/1"}],"replies":[{"embeddable":true,"href":"https:\/\/www.calpinxo.com\/ca\/wp-json\/wp\/v2\/comments?post=179"}],"version-history":[{"count":5,"href":"https:\/\/www.calpinxo.com\/ca\/wp-json\/wp\/v2\/pages\/179\/revisions"}],"predecessor-version":[{"id":316,"href":"https:\/\/www.calpinxo.com\/ca\/wp-json\/wp\/v2\/pages\/179\/revisions\/316"}],"wp:attachment":[{"href":"https:\/\/www.calpinxo.com\/ca\/wp-json\/wp\/v2\/media?parent=179"}],"curies":[{"name":"wp","href":"https:\/\/api.w.org\/{rel}","templated":true}]}}